{"id":76,"date":"2023-07-06T21:24:36","date_gmt":"2023-07-06T21:24:36","guid":{"rendered":"https:\/\/coopromed.com\/?page_id=76"},"modified":"2025-06-20T00:02:37","modified_gmt":"2025-06-20T00:02:37","slug":"documentos","status":"publish","type":"page","link":"https:\/\/coopromed.com\/?page_id=76","title":{"rendered":"Documentos"},"content":{"rendered":"\n<div class=\"wp-block-columns is-layout-flex wp-container-core-columns-is-layout-3 wp-block-columns-is-layout-flex\">\n<div class=\"wp-block-column is-layout-flow wp-block-column-is-layout-flow\">\n<div class=\"wp-block-columns is-layout-flex wp-container-core-columns-is-layout-1 wp-block-columns-is-layout-flex\">\n<div class=\"wp-block-column is-layout-flow wp-block-column-is-layout-flow\">\n<figure class=\"wp-block-image aligncenter size-full is-resized\"><a href=\"https:\/\/coopromed.com\/?page_id=125\"><img fetchpriority=\"high\" decoding=\"async\" width=\"512\" height=\"512\" src=\"https:\/\/coopromed.com\/wp-content\/uploads\/2024\/06\/pdf.png\" alt=\"\" class=\"wp-image-123\" style=\"width:90px\" srcset=\"https:\/\/coopromed.com\/wp-content\/uploads\/2024\/06\/pdf.png 512w, https:\/\/coopromed.com\/wp-content\/uploads\/2024\/06\/pdf-300x300.png 300w, https:\/\/coopromed.com\/wp-content\/uploads\/2024\/06\/pdf-150x150.png 150w\" sizes=\"(max-width: 512px) 100vw, 512px\" \/><\/a><\/figure>\n\n\n\n<p class=\"has-text-align-center\">Acta asamblea #28 del 20 marzo 2024<\/p>\n<\/div>\n\n\n\n<div class=\"wp-block-column is-layout-flow wp-block-column-is-layout-flow\">\n<figure class=\"wp-block-image aligncenter size-full is-resized\"><a href=\"https:\/\/coopromed.com\/?page_id=129\"><img fetchpriority=\"high\" decoding=\"async\" width=\"512\" height=\"512\" src=\"https:\/\/coopromed.com\/wp-content\/uploads\/2024\/06\/pdf.png\" alt=\"\" class=\"wp-image-123\" style=\"width:90px\" srcset=\"https:\/\/coopromed.com\/wp-content\/uploads\/2024\/06\/pdf.png 512w, https:\/\/coopromed.com\/wp-content\/uploads\/2024\/06\/pdf-300x300.png 300w, https:\/\/coopromed.com\/wp-content\/uploads\/2024\/06\/pdf-150x150.png 150w\" sizes=\"(max-width: 512px) 100vw, 512px\" \/><\/a><\/figure>\n\n\n\n<p class=\"has-text-align-center\">Acta de constituci\u00f3n Coopromed Cartagena<\/p>\n<\/div>\n<\/div>\n<\/div>\n\n\n\n<div class=\"wp-block-column is-layout-flow wp-block-column-is-layout-flow\">\n<div class=\"wp-block-columns is-layout-flex wp-container-core-columns-is-layout-2 wp-block-columns-is-layout-flex\">\n<div class=\"wp-block-column is-layout-flow wp-block-column-is-layout-flow\">\n<figure class=\"wp-block-image aligncenter size-full is-resized\"><a href=\"https:\/\/coopromed.com\/?page_id=133\"><img fetchpriority=\"high\" decoding=\"async\" width=\"512\" height=\"512\" src=\"https:\/\/coopromed.com\/wp-content\/uploads\/2024\/06\/pdf.png\" alt=\"\" class=\"wp-image-123\" style=\"width:90px\" srcset=\"https:\/\/coopromed.com\/wp-content\/uploads\/2024\/06\/pdf.png 512w, https:\/\/coopromed.com\/wp-content\/uploads\/2024\/06\/pdf-300x300.png 300w, https:\/\/coopromed.com\/wp-content\/uploads\/2024\/06\/pdf-150x150.png 150w\" sizes=\"(max-width: 512px) 100vw, 512px\" \/><\/a><\/figure>\n\n\n\n<p class=\"has-text-align-center\">Acta de transformaci\u00f3n Coopromed Cartagena a Multiactiva <\/p>\n<\/div>\n\n\n\n<div class=\"wp-block-column is-layout-flow wp-block-column-is-layout-flow\">\n<figure class=\"wp-block-image aligncenter size-full is-resized\"><a href=\"https:\/\/coopromed.com\/?page_id=138\"><img fetchpriority=\"high\" decoding=\"async\" width=\"512\" height=\"512\" src=\"https:\/\/coopromed.com\/wp-content\/uploads\/2024\/06\/pdf.png\" alt=\"\" class=\"wp-image-123\" style=\"width:90px\" srcset=\"https:\/\/coopromed.com\/wp-content\/uploads\/2024\/06\/pdf.png 512w, https:\/\/coopromed.com\/wp-content\/uploads\/2024\/06\/pdf-300x300.png 300w, https:\/\/coopromed.com\/wp-content\/uploads\/2024\/06\/pdf-150x150.png 150w\" sizes=\"(max-width: 512px) 100vw, 512px\" \/><\/a><\/figure>\n\n\n\n<p class=\"has-text-align-center\">Certificaci\u00f3n antecedentes judiciales y caducidad de contrato a\u00f1o 2024<\/p>\n<\/div>\n<\/div>\n<\/div>\n<\/div>\n\n\n\n<hr class=\"wp-block-separator has-alpha-channel-opacity is-style-dots\"\/>\n\n\n\n<div class=\"wp-block-columns is-layout-flex wp-container-core-columns-is-layout-6 wp-block-columns-is-layout-flex\">\n<div class=\"wp-block-column is-layout-flow wp-block-column-is-layout-flow\">\n<div class=\"wp-block-columns is-layout-flex wp-container-core-columns-is-layout-4 wp-block-columns-is-layout-flex\">\n<div class=\"wp-block-column is-layout-flow wp-block-column-is-layout-flow\">\n<figure class=\"wp-block-image aligncenter size-full is-resized\"><a href=\"https:\/\/coopromed.com\/?page_id=142\"><img fetchpriority=\"high\" decoding=\"async\" width=\"512\" height=\"512\" src=\"https:\/\/coopromed.com\/wp-content\/uploads\/2024\/06\/pdf.png\" alt=\"\" class=\"wp-image-123\" style=\"width:90px\" srcset=\"https:\/\/coopromed.com\/wp-content\/uploads\/2024\/06\/pdf.png 512w, https:\/\/coopromed.com\/wp-content\/uploads\/2024\/06\/pdf-300x300.png 300w, https:\/\/coopromed.com\/wp-content\/uploads\/2024\/06\/pdf-150x150.png 150w\" sizes=\"(max-width: 512px) 100vw, 512px\" \/><\/a><\/figure>\n\n\n\n<p class=\"has-text-align-center\">Certificaci\u00f3n de cumplimiento de los requisitos #13 par\u00e1grafo 2 articulo 364-5 E.T. 2024<\/p>\n<\/div>\n\n\n\n<div class=\"wp-block-column is-layout-flow wp-block-column-is-layout-flow\">\n<figure class=\"wp-block-image aligncenter size-full is-resized\"><a href=\"https:\/\/coopromed.com\/?page_id=146\"><img fetchpriority=\"high\" decoding=\"async\" width=\"512\" height=\"512\" src=\"https:\/\/coopromed.com\/wp-content\/uploads\/2024\/06\/pdf.png\" alt=\"\" class=\"wp-image-123\" style=\"width:90px\" srcset=\"https:\/\/coopromed.com\/wp-content\/uploads\/2024\/06\/pdf.png 512w, https:\/\/coopromed.com\/wp-content\/uploads\/2024\/06\/pdf-300x300.png 300w, https:\/\/coopromed.com\/wp-content\/uploads\/2024\/06\/pdf-150x150.png 150w\" sizes=\"(max-width: 512px) 100vw, 512px\" \/><\/a><\/figure>\n\n\n\n<p class=\"has-text-align-center\">Certificaci\u00f3n Existencia y Representaci\u00f3n Coopremed 11 de junio 2025<\/p>\n<\/div>\n<\/div>\n<\/div>\n\n\n\n<div class=\"wp-block-column is-layout-flow wp-block-column-is-layout-flow\">\n<div class=\"wp-block-columns is-layout-flex wp-container-core-columns-is-layout-5 wp-block-columns-is-layout-flex\">\n<div class=\"wp-block-column is-layout-flow wp-block-column-is-layout-flow\">\n<figure class=\"wp-block-image aligncenter size-full is-resized\"><a href=\"https:\/\/coopromed.com\/?page_id=150\"><img fetchpriority=\"high\" decoding=\"async\" width=\"512\" height=\"512\" src=\"https:\/\/coopromed.com\/wp-content\/uploads\/2024\/06\/pdf.png\" alt=\"\" class=\"wp-image-123\" style=\"width:90px\" srcset=\"https:\/\/coopromed.com\/wp-content\/uploads\/2024\/06\/pdf.png 512w, https:\/\/coopromed.com\/wp-content\/uploads\/2024\/06\/pdf-300x300.png 300w, https:\/\/coopromed.com\/wp-content\/uploads\/2024\/06\/pdf-150x150.png 150w\" sizes=\"(max-width: 512px) 100vw, 512px\" \/><\/a><\/figure>\n\n\n\n<p class=\"has-text-align-center\">Declaraci\u00f3n de renta a\u00f1o 2024 <\/p>\n<\/div>\n\n\n\n<div class=\"wp-block-column is-layout-flow wp-block-column-is-layout-flow\">\n<figure class=\"wp-block-image aligncenter size-full is-resized\"><a href=\"https:\/\/coopromed.com\/?page_id=156\"><img fetchpriority=\"high\" decoding=\"async\" width=\"512\" height=\"512\" src=\"https:\/\/coopromed.com\/wp-content\/uploads\/2024\/06\/pdf.png\" alt=\"\" class=\"wp-image-123\" style=\"width:90px\" srcset=\"https:\/\/coopromed.com\/wp-content\/uploads\/2024\/06\/pdf.png 512w, https:\/\/coopromed.com\/wp-content\/uploads\/2024\/06\/pdf-300x300.png 300w, https:\/\/coopromed.com\/wp-content\/uploads\/2024\/06\/pdf-150x150.png 150w\" sizes=\"(max-width: 512px) 100vw, 512px\" \/><\/a><\/figure>\n\n\n\n<p class=\"has-text-align-center\">Estados financieros Coopremed a\u00f1o 2024<\/p>\n<\/div>\n<\/div>\n<\/div>\n<\/div>\n\n\n\n<hr class=\"wp-block-separator has-alpha-channel-opacity is-style-dots\"\/>\n\n\n\n<div class=\"wp-block-columns is-layout-flex wp-container-core-columns-is-layout-9 wp-block-columns-is-layout-flex\">\n<div class=\"wp-block-column is-layout-flow wp-block-column-is-layout-flow\">\n<div class=\"wp-block-columns is-layout-flex wp-container-core-columns-is-layout-7 wp-block-columns-is-layout-flex\">\n<div class=\"wp-block-column is-layout-flow wp-block-column-is-layout-flow\">\n<figure class=\"wp-block-image aligncenter size-full is-resized\"><a href=\"https:\/\/coopromed.com\/?page_id=160\"><img fetchpriority=\"high\" decoding=\"async\" width=\"512\" height=\"512\" src=\"https:\/\/coopromed.com\/wp-content\/uploads\/2024\/06\/pdf.png\" alt=\"\" class=\"wp-image-123\" style=\"width:90px\" srcset=\"https:\/\/coopromed.com\/wp-content\/uploads\/2024\/06\/pdf.png 512w, https:\/\/coopromed.com\/wp-content\/uploads\/2024\/06\/pdf-300x300.png 300w, https:\/\/coopromed.com\/wp-content\/uploads\/2024\/06\/pdf-150x150.png 150w\" sizes=\"(max-width: 512px) 100vw, 512px\" \/><\/a><\/figure>\n\n\n\n<p class=\"has-text-align-center\">Informe de gesti\u00f3n Coopremed multiactiva a\u00f1o 2024<\/p>\n<\/div>\n\n\n\n<div class=\"wp-block-column is-layout-flow wp-block-column-is-layout-flow\">\n<figure class=\"wp-block-image aligncenter size-full is-resized\"><a href=\"https:\/\/coopromed.com\/?page_id=164\"><img fetchpriority=\"high\" decoding=\"async\" width=\"512\" height=\"512\" src=\"https:\/\/coopromed.com\/wp-content\/uploads\/2024\/06\/pdf.png\" alt=\"\" class=\"wp-image-123\" style=\"width:90px\" srcset=\"https:\/\/coopromed.com\/wp-content\/uploads\/2024\/06\/pdf.png 512w, https:\/\/coopromed.com\/wp-content\/uploads\/2024\/06\/pdf-300x300.png 300w, https:\/\/coopromed.com\/wp-content\/uploads\/2024\/06\/pdf-150x150.png 150w\" sizes=\"(max-width: 512px) 100vw, 512px\" \/><\/a><\/figure>\n\n\n\n<p class=\"has-text-align-center\">Solicitud del r\u00e9gimen tributario especial presentado 2025 Coopremed<\/p>\n<\/div>\n<\/div>\n<\/div>\n\n\n\n<div class=\"wp-block-column is-layout-flow wp-block-column-is-layout-flow\">\n<div class=\"wp-block-columns is-layout-flex wp-container-core-columns-is-layout-8 wp-block-columns-is-layout-flex\">\n<div class=\"wp-block-column is-layout-flow wp-block-column-is-layout-flow\">\n<figure class=\"wp-block-image aligncenter size-full is-resized\"><a href=\"https:\/\/coopromed.com\/?page_id=170\"><img fetchpriority=\"high\" decoding=\"async\" width=\"512\" height=\"512\" src=\"https:\/\/coopromed.com\/wp-content\/uploads\/2024\/06\/pdf.png\" alt=\"\" class=\"wp-image-123\" style=\"width:90px\" srcset=\"https:\/\/coopromed.com\/wp-content\/uploads\/2024\/06\/pdf.png 512w, https:\/\/coopromed.com\/wp-content\/uploads\/2024\/06\/pdf-300x300.png 300w, https:\/\/coopromed.com\/wp-content\/uploads\/2024\/06\/pdf-150x150.png 150w\" sizes=\"(max-width: 512px) 100vw, 512px\" \/><\/a><\/figure>\n\n\n\n<p class=\"has-text-align-center\">Formato 2530<\/p>\n<\/div>\n\n\n\n<div class=\"wp-block-column is-layout-flow wp-block-column-is-layout-flow\">\n<figure class=\"wp-block-image aligncenter size-full is-resized\"><a href=\"https:\/\/coopromed.com\/?page_id=175\"><img fetchpriority=\"high\" decoding=\"async\" width=\"512\" height=\"512\" src=\"https:\/\/coopromed.com\/wp-content\/uploads\/2024\/06\/pdf.png\" alt=\"\" class=\"wp-image-123\" style=\"width:90px\" srcset=\"https:\/\/coopromed.com\/wp-content\/uploads\/2024\/06\/pdf.png 512w, https:\/\/coopromed.com\/wp-content\/uploads\/2024\/06\/pdf-300x300.png 300w, https:\/\/coopromed.com\/wp-content\/uploads\/2024\/06\/pdf-150x150.png 150w\" sizes=\"(max-width: 512px) 100vw, 512px\" \/><\/a><\/figure>\n\n\n\n<p class=\"has-text-align-center\">Formato 2531<\/p>\n<\/div>\n<\/div>\n<\/div>\n<\/div>\n\n\n\n<hr class=\"wp-block-separator has-alpha-channel-opacity is-style-dots\"\/>\n","protected":false},"excerpt":{"rendered":"<p>Acta asamblea #28 del 20 marzo 2024 Acta de constituci\u00f3n Coopromed Cartagena Acta de transformaci\u00f3n Coopromed Cartagena a Multiactiva Certificaci\u00f3n antecedentes judiciales y caducidad de contrato a\u00f1o 2024 Certificaci\u00f3n de cumplimiento de los requisitos #13 par\u00e1grafo 2 articulo 364-5 E.T. 2024 Certificaci\u00f3n Existencia y Representaci\u00f3n Coopremed 11 de junio 2025 Declaraci\u00f3n de renta a\u00f1o 2024 [&hellip;]<\/p>\n","protected":false},"author":1,"featured_media":0,"parent":0,"menu_order":0,"comment_status":"closed","ping_status":"closed","template":"","meta":{"footnotes":""},"_links":{"self":[{"href":"https:\/\/coopromed.com\/index.php?rest_route=\/wp\/v2\/pages\/76"}],"collection":[{"href":"https:\/\/coopromed.com\/index.php?rest_route=\/wp\/v2\/pages"}],"about":[{"href":"https:\/\/coopromed.com\/index.php?rest_route=\/wp\/v2\/types\/page"}],"author":[{"embeddable":true,"href":"https:\/\/coopromed.com\/index.php?rest_route=\/wp\/v2\/users\/1"}],"replies":[{"embeddable":true,"href":"https:\/\/coopromed.com\/index.php?rest_route=%2Fwp%2Fv2%2Fcomments&post=76"}],"version-history":[{"count":26,"href":"https:\/\/coopromed.com\/index.php?rest_route=\/wp\/v2\/pages\/76\/revisions"}],"predecessor-version":[{"id":203,"href":"https:\/\/coopromed.com\/index.php?rest_route=\/wp\/v2\/pages\/76\/revisions\/203"}],"wp:attachment":[{"href":"https:\/\/coopromed.com\/index.php?rest_route=%2Fwp%2Fv2%2Fmedia&parent=76"}],"curies":[{"name":"wp","href":"https:\/\/api.w.org\/{rel}","templated":true}]}}